{"id":13,"date":"2024-05-01T19:14:03","date_gmt":"2024-05-01T17:14:03","guid":{"rendered":"http:\/\/kulturapolityczna.org\/?page_id=13"},"modified":"2024-05-06T23:49:29","modified_gmt":"2024-05-06T21:49:29","slug":"uslugi","status":"publish","type":"page","link":"http:\/\/kulturapolityczna.org\/?page_id=13","title":{"rendered":"Us\u0142ugi"},"content":{"rendered":"\n<p class=\"has-medium-font-size\">Nasza fundacja oferuje wysokiej jako\u015bci szkolenia oraz profesjonaln\u0105 organizacj\u0119 konferencji. Dzi\u0119ki naszym wykwalifikowanym trenerom i do\u015bwiadczonym organizatorom gwarantujemy stworzenie inspiruj\u0105cych i efektywnych wydarze\u0144. <\/p>\n\n\n\n<p class=\"has-medium-font-size\">Zapraszamy do wsp\u00f3\u0142pracy wszystkie organizacje i instytucje, kt\u00f3re poszukuj\u0105 wsparcia w organizacji szkole\u0144 lub konferencji. <\/p>\n\n\n\n<p class=\"has-medium-font-size\">Pozw\u00f3l nam pom\u00f3c Ci w realizacji Twoich cel\u00f3w i zaplanuj z nami niezapomniane wydarzenie!<\/p>\n","protected":false},"excerpt":{"rendered":"<p>Nasza fundacja oferuje wysokiej jako\u015bci szkolenia oraz profesjonaln\u0105 organizacj\u0119 konferencji. Dzi\u0119ki naszym wykwalifikowanym trenerom i do\u015bwiadczonym organizatorom gwarantujemy stworzenie inspiruj\u0105cych i efektywnych wydarze\u0144. Zapraszamy do wsp\u00f3\u0142pracy wszystkie organizacje i instytucje, kt\u00f3re poszukuj\u0105 wsparcia w organizacji szkole\u0144 lub konferencji. Pozw\u00f3l nam pom\u00f3c Ci w realizacji Twoich cel\u00f3w i zaplanuj z nami niezapomniane wydarzenie!<\/p>\n","protected":false},"author":1,"featured_media":0,"parent":0,"menu_order":0,"comment_status":"closed","ping_status":"closed","template":"","meta":{"saved_in_kubio":false,"footnotes":""},"class_list":["post-13","page","type-page","status-publish","hentry"],"kubio_ai_page_context":{"short_desc":"","purpose":"general"},"_links":{"self":[{"href":"http:\/\/kulturapolityczna.org\/index.php?rest_route=\/wp\/v2\/pages\/13","targetHints":{"allow":["GET"]}}],"collection":[{"href":"http:\/\/kulturapolityczna.org\/index.php?rest_route=\/wp\/v2\/pages"}],"about":[{"href":"http:\/\/kulturapolityczna.org\/index.php?rest_route=\/wp\/v2\/types\/page"}],"author":[{"embeddable":true,"href":"http:\/\/kulturapolityczna.org\/index.php?rest_route=\/wp\/v2\/users\/1"}],"replies":[{"embeddable":true,"href":"http:\/\/kulturapolityczna.org\/index.php?rest_route=%2Fwp%2Fv2%2Fcomments&post=13"}],"version-history":[{"count":6,"href":"http:\/\/kulturapolityczna.org\/index.php?rest_route=\/wp\/v2\/pages\/13\/revisions"}],"predecessor-version":[{"id":78,"href":"http:\/\/kulturapolityczna.org\/index.php?rest_route=\/wp\/v2\/pages\/13\/revisions\/78"}],"wp:attachment":[{"href":"http:\/\/kulturapolityczna.org\/index.php?rest_route=%2Fwp%2Fv2%2Fmedia&parent=13"}],"curies":[{"name":"wp","href":"https:\/\/api.w.org\/{rel}","templated":true}]}}