{"id":11,"date":"2024-05-01T19:12:40","date_gmt":"2024-05-01T17:12:40","guid":{"rendered":"http:\/\/kulturapolityczna.org\/?page_id=11"},"modified":"2024-05-06T23:50:26","modified_gmt":"2024-05-06T21:50:26","slug":"o-nas","status":"publish","type":"page","link":"http:\/\/kulturapolityczna.org\/?page_id=11","title":{"rendered":"O nas"},"content":{"rendered":"\n<p><\/p>\n\n\n\n<p class=\"has-medium-font-size\">Instytut Kultury Politycznej zosta\u0142 za\u0142o\u017cony, aby wspiera\u0107 skuteczne inicjatywy rozwojowe w sferze spo\u0142ecznej i politycznej. Jego celem jest podnoszenie standard\u00f3w \u017cycia publicznego opartych na zaufaniu mi\u0119dzy obywatelami a pa\u0144stwem, zasadzie subsydiarno\u015bci oraz transparentno\u015bci.<\/p>\n\n\n\n<p class=\"has-medium-font-size\">Fundacja anga\u017cuje si\u0119 w projekty maj\u0105ce na celu popraw\u0119 kompetencji i efektywno\u015bci administracji publicznej, opieraj\u0105c si\u0119 na zasadach evidence-based policy. D\u0105\u017cy r\u00f3wnie\u017c do rozwoju samorz\u0105dno\u015bci i zwi\u0119kszenia partycypacji obywatelskiej, jednocze\u015bnie dbaj\u0105c o poszerzanie wolno\u015bci obywatelskich.<\/p>\n\n\n\n<p class=\"has-medium-font-size\">Wiedza jest kluczem do sukcesu, dlatego dzia\u0142ania Instytutu skierowane s\u0105 g\u0142\u00f3wnie do uczestnik\u00f3w \u017cycia publicznego. Fundacja stara si\u0119 wyposa\u017cy\u0107 polityk\u00f3w, lider\u00f3w i aktywist\u00f3w spo\u0142ecznych w narz\u0119dzia niezb\u0119dne do skutecznego dzia\u0142ania i osi\u0105gania m\u0105drych cel\u00f3w oraz rozwi\u0105za\u0144.<\/p>\n","protected":false},"excerpt":{"rendered":"<p>Instytut Kultury Politycznej zosta\u0142 za\u0142o\u017cony, aby wspiera\u0107 skuteczne inicjatywy rozwojowe w sferze spo\u0142ecznej i politycznej. Jego celem jest podnoszenie standard\u00f3w \u017cycia publicznego opartych na zaufaniu mi\u0119dzy obywatelami a pa\u0144stwem, zasadzie subsydiarno\u015bci oraz transparentno\u015bci. Fundacja anga\u017cuje si\u0119 w projekty maj\u0105ce na celu popraw\u0119 kompetencji i efektywno\u015bci administracji publicznej, opieraj\u0105c si\u0119 na zasadach evidence-based policy. D\u0105\u017cy r\u00f3wnie\u017c [&hellip;]<\/p>\n","protected":false},"author":1,"featured_media":0,"parent":0,"menu_order":0,"comment_status":"closed","ping_status":"closed","template":"","meta":{"saved_in_kubio":false,"footnotes":""},"class_list":["post-11","page","type-page","status-publish","hentry"],"kubio_ai_page_context":{"short_desc":"","purpose":"general"},"_links":{"self":[{"href":"http:\/\/kulturapolityczna.org\/index.php?rest_route=\/wp\/v2\/pages\/11","targetHints":{"allow":["GET"]}}],"collection":[{"href":"http:\/\/kulturapolityczna.org\/index.php?rest_route=\/wp\/v2\/pages"}],"about":[{"href":"http:\/\/kulturapolityczna.org\/index.php?rest_route=\/wp\/v2\/types\/page"}],"author":[{"embeddable":true,"href":"http:\/\/kulturapolityczna.org\/index.php?rest_route=\/wp\/v2\/users\/1"}],"replies":[{"embeddable":true,"href":"http:\/\/kulturapolityczna.org\/index.php?rest_route=%2Fwp%2Fv2%2Fcomments&post=11"}],"version-history":[{"count":3,"href":"http:\/\/kulturapolityczna.org\/index.php?rest_route=\/wp\/v2\/pages\/11\/revisions"}],"predecessor-version":[{"id":80,"href":"http:\/\/kulturapolityczna.org\/index.php?rest_route=\/wp\/v2\/pages\/11\/revisions\/80"}],"wp:attachment":[{"href":"http:\/\/kulturapolityczna.org\/index.php?rest_route=%2Fwp%2Fv2%2Fmedia&parent=11"}],"curies":[{"name":"wp","href":"https:\/\/api.w.org\/{rel}","templated":true}]}}